{"id":438,"date":"2022-03-29T22:00:41","date_gmt":"2022-03-29T22:00:41","guid":{"rendered":"https:\/\/tucrypto.co\/?page_id=438"},"modified":"2024-05-23T12:56:03","modified_gmt":"2024-05-23T12:56:03","slug":"blog","status":"publish","type":"page","link":"https:\/\/tucrypto-tunft.com\/en\/blog\/","title":{"rendered":"Blog"},"content":{"rendered":"<div data-elementor-type=\"wp-page\" data-elementor-id=\"438\" class=\"elementor elementor-438\" data-elementor-post-type=\"page\">\n\t\t\t\t<div class=\"elementor-element elementor-element-5c1c5d9 e-flex e-con-boxed e-con e-parent\" data-id=\"5c1c5d9\" data-element_type=\"container\" data-settings=\"{&quot;background_background&quot;:&quot;classic&quot;}\">\n\t\t\t\t\t<div class=\"e-con-inner\">\n\t\t\t\t<div class=\"elementor-element elementor-element-8b51c14 elementor-widget elementor-widget-heading\" data-id=\"8b51c14\" data-element_type=\"widget\" data-widget_type=\"heading.default\">\n\t\t\t\t<div class=\"elementor-widget-container\">\n\t\t\t<style>\/*! elementor - v3.23.0 - 15-07-2024 *\/\n.elementor-heading-title{padding:0;margin:0;line-height:1}.elementor-widget-heading .elementor-heading-title[class*=elementor-size-]>a{color:inherit;font-size:inherit;line-height:inherit}.elementor-widget-heading .elementor-heading-title.elementor-size-small{font-size:15px}.elementor-widget-heading .elementor-heading-title.elementor-size-medium{font-size:19px}.elementor-widget-heading .elementor-heading-title.elementor-size-large{font-size:29px}.elementor-widget-heading .elementor-heading-title.elementor-size-xl{font-size:39px}.elementor-widget-heading .elementor-heading-title.elementor-size-xxl{font-size:59px}<\/style><h2 class=\"elementor-heading-title elementor-size-default\">Blog<\/h2>\t\t<\/div>\n\t\t\t\t<\/div>\n\t\t\t\t<div class=\"elementor-element elementor-element-439bb32 elementor-grid-3 elementor-grid-tablet-2 elementor-grid-mobile-1 elementor-posts--thumbnail-top elementor-card-shadow-yes elementor-posts__hover-gradient elementor-widget elementor-widget-posts\" data-id=\"439bb32\" data-element_type=\"widget\" data-settings=\"{&quot;cards_masonry&quot;:&quot;yes&quot;,&quot;pagination_type&quot;:&quot;numbers&quot;,&quot;cards_columns&quot;:&quot;3&quot;,&quot;cards_columns_tablet&quot;:&quot;2&quot;,&quot;cards_columns_mobile&quot;:&quot;1&quot;,&quot;cards_row_gap&quot;:{&quot;unit&quot;:&quot;px&quot;,&quot;size&quot;:35,&quot;sizes&quot;:[]},&quot;cards_row_gap_tablet&quot;:{&quot;unit&quot;:&quot;px&quot;,&quot;size&quot;:&quot;&quot;,&quot;sizes&quot;:[]},&quot;cards_row_gap_mobile&quot;:{&quot;unit&quot;:&quot;px&quot;,&quot;size&quot;:&quot;&quot;,&quot;sizes&quot;:[]}}\" data-widget_type=\"posts.cards\">\n\t\t\t\t<div class=\"elementor-widget-container\">\n\t\t\t<link rel=\"stylesheet\" href=\"https:\/\/tucrypto-tunft.com\/wp-content\/plugins\/elementor-pro\/assets\/css\/widget-posts.min.css\">\t\t<div class=\"elementor-posts-container elementor-posts elementor-posts--skin-cards elementor-grid\">\n\t\t\t\t<article class=\"elementor-post elementor-grid-item post-1712 post type-post status-publish format-standard has-post-thumbnail hentry category-bitcoin tag-bitcoin tag-btc tag-inmobiliaria tag-inversion tag-riqueza\">\n\t\t\t<div class=\"elementor-post__card\">\n\t\t\t\t<a class=\"elementor-post__thumbnail__link\" href=\"https:\/\/tucrypto-tunft.com\/en\/bitcoin-o-bienes-raices-es-hora-de-replantear-la-riqueza\/\" tabindex=\"-1\" ><div class=\"elementor-post__thumbnail\"><img fetchpriority=\"high\" decoding=\"async\" width=\"285\" height=\"177\" src=\"https:\/\/tucrypto-tunft.com\/wp-content\/uploads\/2025\/02\/btc-real-estate.jpeg\" class=\"attachment-medium size-medium wp-image-1713\" alt=\"\" srcset=\"https:\/\/tucrypto-tunft.com\/wp-content\/uploads\/2025\/02\/btc-real-estate.jpeg 285w, https:\/\/tucrypto-tunft.com\/wp-content\/uploads\/2025\/02\/btc-real-estate-18x12.jpeg 18w\" sizes=\"(max-width: 285px) 85vw, 285px\" \/><\/div><\/a>\n\t\t\t\t<div class=\"elementor-post__badge\">Bitcoin<\/div>\n\t\t\t\t<div class=\"elementor-post__text\">\n\t\t\t\t<h3 class=\"elementor-post__title\">\n\t\t\t<a href=\"https:\/\/tucrypto-tunft.com\/en\/bitcoin-o-bienes-raices-es-hora-de-replantear-la-riqueza\/\" >\n\t\t\t\tBitcoin or Real Estate? It\u2019s Time to Rethink Wealth\t\t\t<\/a>\n\t\t<\/h3>\n\t\t\t\t<div class=\"elementor-post__excerpt\">\n\t\t\t<p>Durante d\u00e9cadas, los bienes ra\u00edces han sido considerados una de las inversiones m\u00e1s seguras a largo plazo, ofreciendo estabilidad y<\/p>\n\t\t<\/div>\n\t\t\t\t<\/div>\n\t\t\t\t\t<\/div>\n\t\t<\/article>\n\t\t\t\t<article class=\"elementor-post elementor-grid-item post-1687 post type-post status-publish format-standard has-post-thumbnail hentry category-blockchain category-ia-ai category-trading tag-ai tag-eigen tag-fetch-ai tag-ia tag-render tag-tao tag-tokens tag-virtual\">\n\t\t\t<div class=\"elementor-post__card\">\n\t\t\t\t<a class=\"elementor-post__thumbnail__link\" href=\"https:\/\/tucrypto-tunft.com\/en\/auge-de-criptos-de-ia-virtuals-protocol-eigenlayer-y-tokens-de-ia-explotan\/\" tabindex=\"-1\" ><div class=\"elementor-post__thumbnail\"><img decoding=\"async\" width=\"300\" height=\"169\" src=\"https:\/\/tucrypto-tunft.com\/wp-content\/uploads\/2025\/01\/growtika-f0JGorLOkw0-unsplash-300x169.jpg\" class=\"attachment-medium size-medium wp-image-1680\" alt=\"\" srcset=\"https:\/\/tucrypto-tunft.com\/wp-content\/uploads\/2025\/01\/growtika-f0JGorLOkw0-unsplash-300x169.jpg 300w, https:\/\/tucrypto-tunft.com\/wp-content\/uploads\/2025\/01\/growtika-f0JGorLOkw0-unsplash-1024x576.jpg 1024w, https:\/\/tucrypto-tunft.com\/wp-content\/uploads\/2025\/01\/growtika-f0JGorLOkw0-unsplash-768x432.jpg 768w, https:\/\/tucrypto-tunft.com\/wp-content\/uploads\/2025\/01\/growtika-f0JGorLOkw0-unsplash-1536x864.jpg 1536w, https:\/\/tucrypto-tunft.com\/wp-content\/uploads\/2025\/01\/growtika-f0JGorLOkw0-unsplash-2048x1152.jpg 2048w, https:\/\/tucrypto-tunft.com\/wp-content\/uploads\/2025\/01\/growtika-f0JGorLOkw0-unsplash-18x10.jpg 18w, https:\/\/tucrypto-tunft.com\/wp-content\/uploads\/2025\/01\/growtika-f0JGorLOkw0-unsplash-1200x675.jpg 1200w\" sizes=\"(max-width: 300px) 85vw, 300px\" \/><\/div><\/a>\n\t\t\t\t<div class=\"elementor-post__badge\">Blockchain<\/div>\n\t\t\t\t<div class=\"elementor-post__text\">\n\t\t\t\t<h3 class=\"elementor-post__title\">\n\t\t\t<a href=\"https:\/\/tucrypto-tunft.com\/en\/auge-de-criptos-de-ia-virtuals-protocol-eigenlayer-y-tokens-de-ia-explotan\/\" >\n\t\t\t\tAI &amp; Crypto Boom \u2013 Virtuals Protocol, EigenLayer &amp; AI Tokens Exploding\t\t\t<\/a>\n\t\t<\/h3>\n\t\t\t\t<div class=\"elementor-post__excerpt\">\n\t\t\t<p>Los proyectos de IA en blockchain est\u00e1n dominando el mercado, con un fuerte crecimiento en Virtuals Protocol (VIRTUAL), EigenLayer (EIGEN)<\/p>\n\t\t<\/div>\n\t\t\t\t<\/div>\n\t\t\t\t\t<\/div>\n\t\t<\/article>\n\t\t\t\t<article class=\"elementor-post elementor-grid-item post-1685 post type-post status-publish format-standard has-post-thumbnail hentry category-bitcoin category-etf category-inversion category-news tag-bancos tag-bitcoin tag-blackrock tag-etf tag-inversion tag-sec\">\n\t\t\t<div class=\"elementor-post__card\">\n\t\t\t\t<a class=\"elementor-post__thumbnail__link\" href=\"https:\/\/tucrypto-tunft.com\/en\/auge-de-los-etfs-de-bitcoin-instituciones-acumulando-btc\/\" tabindex=\"-1\" ><div class=\"elementor-post__thumbnail\"><img decoding=\"async\" width=\"300\" height=\"200\" src=\"https:\/\/tucrypto-tunft.com\/wp-content\/uploads\/2025\/01\/traxer-ayiCvp7Ta30-unsplash-300x200.jpg\" class=\"attachment-medium size-medium wp-image-1681\" alt=\"\" srcset=\"https:\/\/tucrypto-tunft.com\/wp-content\/uploads\/2025\/01\/traxer-ayiCvp7Ta30-unsplash-300x200.jpg 300w, https:\/\/tucrypto-tunft.com\/wp-content\/uploads\/2025\/01\/traxer-ayiCvp7Ta30-unsplash-1024x681.jpg 1024w, https:\/\/tucrypto-tunft.com\/wp-content\/uploads\/2025\/01\/traxer-ayiCvp7Ta30-unsplash-768x511.jpg 768w, https:\/\/tucrypto-tunft.com\/wp-content\/uploads\/2025\/01\/traxer-ayiCvp7Ta30-unsplash-1536x1022.jpg 1536w, https:\/\/tucrypto-tunft.com\/wp-content\/uploads\/2025\/01\/traxer-ayiCvp7Ta30-unsplash-2048x1363.jpg 2048w, https:\/\/tucrypto-tunft.com\/wp-content\/uploads\/2025\/01\/traxer-ayiCvp7Ta30-unsplash-18x12.jpg 18w, https:\/\/tucrypto-tunft.com\/wp-content\/uploads\/2025\/01\/traxer-ayiCvp7Ta30-unsplash-1200x798.jpg 1200w\" sizes=\"(max-width: 300px) 85vw, 300px\" \/><\/div><\/a>\n\t\t\t\t<div class=\"elementor-post__badge\">Bitcoin<\/div>\n\t\t\t\t<div class=\"elementor-post__text\">\n\t\t\t\t<h3 class=\"elementor-post__title\">\n\t\t\t<a href=\"https:\/\/tucrypto-tunft.com\/en\/auge-de-los-etfs-de-bitcoin-instituciones-acumulando-btc\/\" >\n\t\t\t\tBitcoin ETF Boom \u2013 Institutional Demand Surges\t\t\t<\/a>\n\t\t<\/h3>\n\t\t\t\t<div class=\"elementor-post__excerpt\">\n\t\t\t<p>Los ETFs de Bitcoin est\u00e1n impulsando la demanda institucional, con ingresos r\u00e9cord de fondos como BlackRock, Fidelity y Grayscale. \u00daltimos<\/p>\n\t\t<\/div>\n\t\t\t\t<\/div>\n\t\t\t\t\t<\/div>\n\t\t<\/article>\n\t\t\t\t<article class=\"elementor-post elementor-grid-item post-1678 post type-post status-publish format-standard has-post-thumbnail hentry category-bitcoin category-blockchain category-tokens category-inversion tag-bitcoin tag-crypto tag-elecciones-usa tag-etf tag-memes tag-trump\">\n\t\t\t<div class=\"elementor-post__card\">\n\t\t\t\t<a class=\"elementor-post__thumbnail__link\" href=\"https:\/\/tucrypto-tunft.com\/en\/trump-y-sus-promesas-pro-cripto-que-significa-para-el-mercado\/\" tabindex=\"-1\" ><div class=\"elementor-post__thumbnail\"><img loading=\"lazy\" decoding=\"async\" width=\"300\" height=\"169\" src=\"https:\/\/tucrypto-tunft.com\/wp-content\/uploads\/2025\/01\/108087919-1737057485457-Trump_Bitcoin-300x169.jpg\" class=\"attachment-medium size-medium wp-image-1679\" alt=\"\" srcset=\"https:\/\/tucrypto-tunft.com\/wp-content\/uploads\/2025\/01\/108087919-1737057485457-Trump_Bitcoin-300x169.jpg 300w, https:\/\/tucrypto-tunft.com\/wp-content\/uploads\/2025\/01\/108087919-1737057485457-Trump_Bitcoin-1024x576.jpg 1024w, https:\/\/tucrypto-tunft.com\/wp-content\/uploads\/2025\/01\/108087919-1737057485457-Trump_Bitcoin-768x432.jpg 768w, https:\/\/tucrypto-tunft.com\/wp-content\/uploads\/2025\/01\/108087919-1737057485457-Trump_Bitcoin-1536x864.jpg 1536w, https:\/\/tucrypto-tunft.com\/wp-content\/uploads\/2025\/01\/108087919-1737057485457-Trump_Bitcoin-18x10.jpg 18w, https:\/\/tucrypto-tunft.com\/wp-content\/uploads\/2025\/01\/108087919-1737057485457-Trump_Bitcoin-1200x675.jpg 1200w, https:\/\/tucrypto-tunft.com\/wp-content\/uploads\/2025\/01\/108087919-1737057485457-Trump_Bitcoin.jpg 1920w\" sizes=\"(max-width: 300px) 85vw, 300px\" \/><\/div><\/a>\n\t\t\t\t<div class=\"elementor-post__badge\">Bitcoin<\/div>\n\t\t\t\t<div class=\"elementor-post__text\">\n\t\t\t\t<h3 class=\"elementor-post__title\">\n\t\t\t<a href=\"https:\/\/tucrypto-tunft.com\/en\/trump-y-sus-promesas-pro-cripto-que-significa-para-el-mercado\/\" >\n\t\t\t\tTrump\u2019s Pro-Crypto Promises &amp; What It Means for the Market\t\t\t<\/a>\n\t\t<\/h3>\n\t\t\t\t<div class=\"elementor-post__excerpt\">\n\t\t\t<p>El ex presidente de EE.UU., Donald Trump, ha mostrado una postura muy favorable hacia Bitcoin y la industria cripto, prometiendo<\/p>\n\t\t<\/div>\n\t\t\t\t<\/div>\n\t\t\t\t\t<\/div>\n\t\t<\/article>\n\t\t\t\t<article class=\"elementor-post elementor-grid-item post-1672 post type-post status-publish format-standard has-post-thumbnail hentry category-bitcoin category-blockchain category-inversion tag-ai tag-bitcoin tag-btc tag-criptomonedas tag-crypto tag-finanzas tag-fred-krueger tag-inteligenicia-artifical tag-inversiones\">\n\t\t\t<div class=\"elementor-post__card\">\n\t\t\t\t<a class=\"elementor-post__thumbnail__link\" href=\"https:\/\/tucrypto-tunft.com\/en\/el-mundo-esta-cambiando-mas-rapido-de-lo-que-jamas-imaginamos-y-las-decisiones-que-tomemos-hoy-moldearan-el-futuro-para-nosotros-y-para-las-generaciones-que-vienen\/\" tabindex=\"-1\" ><div class=\"elementor-post__thumbnail\"><img loading=\"lazy\" decoding=\"async\" width=\"300\" height=\"123\" src=\"https:\/\/tucrypto-tunft.com\/wp-content\/uploads\/2024\/12\/Screenshot-2024-12-11-at-12.06.36-300x123.png\" class=\"attachment-medium size-medium wp-image-1673\" alt=\"\" srcset=\"https:\/\/tucrypto-tunft.com\/wp-content\/uploads\/2024\/12\/Screenshot-2024-12-11-at-12.06.36-300x123.png 300w, https:\/\/tucrypto-tunft.com\/wp-content\/uploads\/2024\/12\/Screenshot-2024-12-11-at-12.06.36-1024x420.png 1024w, https:\/\/tucrypto-tunft.com\/wp-content\/uploads\/2024\/12\/Screenshot-2024-12-11-at-12.06.36-768x315.png 768w, https:\/\/tucrypto-tunft.com\/wp-content\/uploads\/2024\/12\/Screenshot-2024-12-11-at-12.06.36-1536x630.png 1536w, https:\/\/tucrypto-tunft.com\/wp-content\/uploads\/2024\/12\/Screenshot-2024-12-11-at-12.06.36-2048x840.png 2048w, https:\/\/tucrypto-tunft.com\/wp-content\/uploads\/2024\/12\/Screenshot-2024-12-11-at-12.06.36-18x7.png 18w, https:\/\/tucrypto-tunft.com\/wp-content\/uploads\/2024\/12\/Screenshot-2024-12-11-at-12.06.36-1200x492.png 1200w\" sizes=\"(max-width: 300px) 85vw, 300px\" \/><\/div><\/a>\n\t\t\t\t<div class=\"elementor-post__badge\">Bitcoin<\/div>\n\t\t\t\t<div class=\"elementor-post__text\">\n\t\t\t\t<h3 class=\"elementor-post__title\">\n\t\t\t<a href=\"https:\/\/tucrypto-tunft.com\/en\/el-mundo-esta-cambiando-mas-rapido-de-lo-que-jamas-imaginamos-y-las-decisiones-que-tomemos-hoy-moldearan-el-futuro-para-nosotros-y-para-las-generaciones-que-vienen\/\" >\n\t\t\t\tThe world is changing faster than we ever imagined, and the decisions we make today will shape the future for ourselves and the generations to come.\t\t\t<\/a>\n\t\t<\/h3>\n\t\t\t\t<div class=\"elementor-post__excerpt\">\n\t\t\t<p>El matem\u00e1tico Fred Krueger, un reconocido experto en Bitcoin, empresario y defensor de la inteligencia artificial (IA), ha pasado d\u00e9cadas<\/p>\n\t\t<\/div>\n\t\t\t\t<\/div>\n\t\t\t\t\t<\/div>\n\t\t<\/article>\n\t\t\t\t<article class=\"elementor-post elementor-grid-item post-1669 post type-post status-publish format-standard has-post-thumbnail hentry category-bitcoin category-inversion tag-amazon tag-bitcoin tag-bolsa tag-btc tag-crypto tag-cryptocurrency tag-finanzas tag-google tag-growth tag-inversiones tag-investment tag-nvidia tag-oro tag-retorno tag-return-investment\">\n\t\t\t<div class=\"elementor-post__card\">\n\t\t\t\t<a class=\"elementor-post__thumbnail__link\" href=\"https:\/\/tucrypto-tunft.com\/en\/inversion-en-bitcoin-vs-activos-tradicionales-cual-es-la-mejor-opcion\/\" tabindex=\"-1\" ><div class=\"elementor-post__thumbnail\"><img loading=\"lazy\" decoding=\"async\" width=\"300\" height=\"171\" src=\"https:\/\/tucrypto-tunft.com\/wp-content\/uploads\/2024\/10\/bitcoin-vs-oro-300x171.jpeg\" class=\"attachment-medium size-medium wp-image-1670\" alt=\"\" srcset=\"https:\/\/tucrypto-tunft.com\/wp-content\/uploads\/2024\/10\/bitcoin-vs-oro-300x171.jpeg 300w, https:\/\/tucrypto-tunft.com\/wp-content\/uploads\/2024\/10\/bitcoin-vs-oro-1024x585.jpeg 1024w, https:\/\/tucrypto-tunft.com\/wp-content\/uploads\/2024\/10\/bitcoin-vs-oro-768x439.jpeg 768w, https:\/\/tucrypto-tunft.com\/wp-content\/uploads\/2024\/10\/bitcoin-vs-oro-18x10.jpeg 18w, https:\/\/tucrypto-tunft.com\/wp-content\/uploads\/2024\/10\/bitcoin-vs-oro-1200x686.jpeg 1200w, https:\/\/tucrypto-tunft.com\/wp-content\/uploads\/2024\/10\/bitcoin-vs-oro.jpeg 1400w\" sizes=\"(max-width: 300px) 85vw, 300px\" \/><\/div><\/a>\n\t\t\t\t<div class=\"elementor-post__badge\">Bitcoin<\/div>\n\t\t\t\t<div class=\"elementor-post__text\">\n\t\t\t\t<h3 class=\"elementor-post__title\">\n\t\t\t<a href=\"https:\/\/tucrypto-tunft.com\/en\/inversion-en-bitcoin-vs-activos-tradicionales-cual-es-la-mejor-opcion\/\" >\n\t\t\t\tInvestment in Bitcoin vs. Traditional Assets: Which Is the Best Option?\t\t\t<\/a>\n\t\t<\/h3>\n\t\t\t\t<div class=\"elementor-post__excerpt\">\n\t\t\t<p>El mundo de las inversiones ha evolucionado dr\u00e1sticamente en los \u00faltimos a\u00f1os, impulsado por la creciente adopci\u00f3n de criptomonedas y<\/p>\n\t\t<\/div>\n\t\t\t\t<\/div>\n\t\t\t\t\t<\/div>\n\t\t<\/article>\n\t\t\t\t<\/div>\n\t\t\n\t\t\t\t<div class=\"e-load-more-anchor\" data-page=\"1\" data-max-page=\"14\" data-next-page=\"https:\/\/tucrypto-tunft.com\/en\/wp-json\/wp\/v2\/pages\/438\/page\/2\/\"><\/div>\n\t\t\t\t<nav class=\"elementor-pagination\" aria-label=\"Pagination\">\n\t\t\t<span aria-current=\"page\" class=\"page-numbers current\"><span class=\"elementor-screen-only\">Page<\/span>1<\/span>\n<a class=\"page-numbers\" href=\"https:\/\/tucrypto-tunft.com\/en\/wp-json\/wp\/v2\/pages\/438\/page\/2\/\"><span class=\"elementor-screen-only\">Page<\/span>2<\/a>\n<a class=\"page-numbers\" href=\"https:\/\/tucrypto-tunft.com\/en\/wp-json\/wp\/v2\/pages\/438\/page\/3\/\"><span class=\"elementor-screen-only\">Page<\/span>3<\/a>\n<a class=\"page-numbers\" href=\"https:\/\/tucrypto-tunft.com\/en\/wp-json\/wp\/v2\/pages\/438\/page\/4\/\"><span class=\"elementor-screen-only\">Page<\/span>4<\/a>\n<a class=\"page-numbers\" href=\"https:\/\/tucrypto-tunft.com\/en\/wp-json\/wp\/v2\/pages\/438\/page\/5\/\"><span class=\"elementor-screen-only\">Page<\/span>5<\/a>\t\t<\/nav>\n\t\t\t\t<\/div>\n\t\t\t\t<\/div>\n\t\t\t\t\t<\/div>\n\t\t\t\t<\/div>\n\t\t\t\t<\/div>","protected":false},"excerpt":{"rendered":"<p>Blog<\/p>","protected":false},"author":4,"featured_media":0,"parent":0,"menu_order":0,"comment_status":"closed","ping_status":"closed","template":"elementor_header_footer","meta":{"footnotes":""},"class_list":["post-438","page","type-page","status-publish","hentry"],"_links":{"self":[{"href":"https:\/\/tucrypto-tunft.com\/en\/wp-json\/wp\/v2\/pages\/438","targetHints":{"allow":["GET"]}}],"collection":[{"href":"https:\/\/tucrypto-tunft.com\/en\/wp-json\/wp\/v2\/pages"}],"about":[{"href":"https:\/\/tucrypto-tunft.com\/en\/wp-json\/wp\/v2\/types\/page"}],"author":[{"embeddable":true,"href":"https:\/\/tucrypto-tunft.com\/en\/wp-json\/wp\/v2\/users\/4"}],"replies":[{"embeddable":true,"href":"https:\/\/tucrypto-tunft.com\/en\/wp-json\/wp\/v2\/comments?post=438"}],"version-history":[{"count":0,"href":"https:\/\/tucrypto-tunft.com\/en\/wp-json\/wp\/v2\/pages\/438\/revisions"}],"wp:attachment":[{"href":"https:\/\/tucrypto-tunft.com\/en\/wp-json\/wp\/v2\/media?parent=438"}],"curies":[{"name":"wp","href":"https:\/\/api.w.org\/{rel}","templated":true}]}}