{"id":436,"date":"2022-03-29T22:00:14","date_gmt":"2022-03-29T22:00:14","guid":{"rendered":"https:\/\/tucrypto.co\/?page_id=436"},"modified":"2024-05-23T12:55:57","modified_gmt":"2024-05-23T12:55:57","slug":"news","status":"publish","type":"page","link":"https:\/\/tucrypto-tunft.com\/en\/news\/","title":{"rendered":"News"},"content":{"rendered":"<div data-elementor-type=\"wp-page\" data-elementor-id=\"436\" class=\"elementor elementor-436\" data-elementor-post-type=\"page\">\n\t\t\t\t<div class=\"elementor-element elementor-element-fdce13a e-flex e-con-boxed e-con e-parent\" data-id=\"fdce13a\" data-element_type=\"container\" data-settings=\"{&quot;background_background&quot;:&quot;classic&quot;}\">\n\t\t\t\t\t<div class=\"e-con-inner\">\n\t\t\t\t<div class=\"elementor-element elementor-element-add28aa elementor-widget elementor-widget-heading\" data-id=\"add28aa\" data-element_type=\"widget\" data-widget_type=\"heading.default\">\n\t\t\t\t<div class=\"elementor-widget-container\">\n\t\t\t<style>\/*! elementor - v3.23.0 - 15-07-2024 *\/\n.elementor-heading-title{padding:0;margin:0;line-height:1}.elementor-widget-heading .elementor-heading-title[class*=elementor-size-]>a{color:inherit;font-size:inherit;line-height:inherit}.elementor-widget-heading .elementor-heading-title.elementor-size-small{font-size:15px}.elementor-widget-heading .elementor-heading-title.elementor-size-medium{font-size:19px}.elementor-widget-heading .elementor-heading-title.elementor-size-large{font-size:29px}.elementor-widget-heading .elementor-heading-title.elementor-size-xl{font-size:39px}.elementor-widget-heading .elementor-heading-title.elementor-size-xxl{font-size:59px}<\/style><h2 class=\"elementor-heading-title elementor-size-default\">News<\/h2>\t\t<\/div>\n\t\t\t\t<\/div>\n\t\t\t\t<div class=\"elementor-element elementor-element-b76f829 elementor-grid-3 elementor-grid-tablet-2 elementor-grid-mobile-1 elementor-posts--thumbnail-top elementor-card-shadow-yes elementor-posts__hover-gradient elementor-widget elementor-widget-posts\" data-id=\"b76f829\" data-element_type=\"widget\" data-settings=\"{&quot;cards_masonry&quot;:&quot;yes&quot;,&quot;pagination_type&quot;:&quot;numbers&quot;,&quot;cards_columns&quot;:&quot;3&quot;,&quot;cards_columns_tablet&quot;:&quot;2&quot;,&quot;cards_columns_mobile&quot;:&quot;1&quot;,&quot;cards_row_gap&quot;:{&quot;unit&quot;:&quot;px&quot;,&quot;size&quot;:35,&quot;sizes&quot;:[]},&quot;cards_row_gap_tablet&quot;:{&quot;unit&quot;:&quot;px&quot;,&quot;size&quot;:&quot;&quot;,&quot;sizes&quot;:[]},&quot;cards_row_gap_mobile&quot;:{&quot;unit&quot;:&quot;px&quot;,&quot;size&quot;:&quot;&quot;,&quot;sizes&quot;:[]}}\" data-widget_type=\"posts.cards\">\n\t\t\t\t<div class=\"elementor-widget-container\">\n\t\t\t<link rel=\"stylesheet\" href=\"https:\/\/tucrypto-tunft.com\/wp-content\/plugins\/elementor-pro\/assets\/css\/widget-posts.min.css\">\t\t<div class=\"elementor-posts-container elementor-posts elementor-posts--skin-cards elementor-grid\">\n\t\t\t\t<article class=\"elementor-post elementor-grid-item post-1685 post type-post status-publish format-standard has-post-thumbnail hentry category-bitcoin category-etf category-inversion category-news tag-bancos tag-bitcoin tag-blackrock tag-etf tag-inversion tag-sec\">\n\t\t\t<div class=\"elementor-post__card\">\n\t\t\t\t<a class=\"elementor-post__thumbnail__link\" href=\"https:\/\/tucrypto-tunft.com\/en\/auge-de-los-etfs-de-bitcoin-instituciones-acumulando-btc\/\" tabindex=\"-1\" ><div class=\"elementor-post__thumbnail\"><img fetchpriority=\"high\" decoding=\"async\" width=\"300\" height=\"200\" src=\"https:\/\/tucrypto-tunft.com\/wp-content\/uploads\/2025\/01\/traxer-ayiCvp7Ta30-unsplash-300x200.jpg\" class=\"attachment-medium size-medium wp-image-1681\" alt=\"\" srcset=\"https:\/\/tucrypto-tunft.com\/wp-content\/uploads\/2025\/01\/traxer-ayiCvp7Ta30-unsplash-300x200.jpg 300w, https:\/\/tucrypto-tunft.com\/wp-content\/uploads\/2025\/01\/traxer-ayiCvp7Ta30-unsplash-1024x681.jpg 1024w, https:\/\/tucrypto-tunft.com\/wp-content\/uploads\/2025\/01\/traxer-ayiCvp7Ta30-unsplash-768x511.jpg 768w, https:\/\/tucrypto-tunft.com\/wp-content\/uploads\/2025\/01\/traxer-ayiCvp7Ta30-unsplash-1536x1022.jpg 1536w, https:\/\/tucrypto-tunft.com\/wp-content\/uploads\/2025\/01\/traxer-ayiCvp7Ta30-unsplash-2048x1363.jpg 2048w, https:\/\/tucrypto-tunft.com\/wp-content\/uploads\/2025\/01\/traxer-ayiCvp7Ta30-unsplash-18x12.jpg 18w, https:\/\/tucrypto-tunft.com\/wp-content\/uploads\/2025\/01\/traxer-ayiCvp7Ta30-unsplash-1200x798.jpg 1200w\" sizes=\"(max-width: 300px) 85vw, 300px\" \/><\/div><\/a>\n\t\t\t\t<div class=\"elementor-post__badge\">Bitcoin<\/div>\n\t\t\t\t<div class=\"elementor-post__text\">\n\t\t\t\t<h3 class=\"elementor-post__title\">\n\t\t\t<a href=\"https:\/\/tucrypto-tunft.com\/en\/auge-de-los-etfs-de-bitcoin-instituciones-acumulando-btc\/\" >\n\t\t\t\tBitcoin ETF Boom \u2013 Institutional Demand Surges\t\t\t<\/a>\n\t\t<\/h3>\n\t\t\t\t<div class=\"elementor-post__excerpt\">\n\t\t\t<p>Los ETFs de Bitcoin est\u00e1n impulsando la demanda institucional, con ingresos r\u00e9cord de fondos como BlackRock, Fidelity y Grayscale. \u00daltimos<\/p>\n\t\t<\/div>\n\t\t\t\t<\/div>\n\t\t\t\t\t<\/div>\n\t\t<\/article>\n\t\t\t\t<article class=\"elementor-post elementor-grid-item post-1655 post type-post status-publish format-standard has-post-thumbnail hentry category-bitcoin category-etf category-inversion category-news tag-cnbc tag-criptomonedas tag-crypto tag-cryptocurrency tag-inversiones tag-libertadfinanciera tag-michael-saylor tag-microstrategy\">\n\t\t\t<div class=\"elementor-post__card\">\n\t\t\t\t<a class=\"elementor-post__thumbnail__link\" href=\"https:\/\/tucrypto-tunft.com\/en\/michael-saylor-de-microstrategy-predice-que-el-bitcoin-podria-alcanzar-los-13-millones-de-dolares-en-2045-cnbc-crypto-world\/\" tabindex=\"-1\" ><div class=\"elementor-post__thumbnail\"><img decoding=\"async\" width=\"275\" height=\"183\" src=\"https:\/\/tucrypto-tunft.com\/wp-content\/uploads\/2024\/09\/Michael-saylor.jpeg\" class=\"attachment-medium size-medium wp-image-1656\" alt=\"\" srcset=\"https:\/\/tucrypto-tunft.com\/wp-content\/uploads\/2024\/09\/Michael-saylor.jpeg 275w, https:\/\/tucrypto-tunft.com\/wp-content\/uploads\/2024\/09\/Michael-saylor-18x12.jpeg 18w\" sizes=\"(max-width: 275px) 85vw, 275px\" \/><\/div><\/a>\n\t\t\t\t<div class=\"elementor-post__badge\">Bitcoin<\/div>\n\t\t\t\t<div class=\"elementor-post__text\">\n\t\t\t\t<h3 class=\"elementor-post__title\">\n\t\t\t<a href=\"https:\/\/tucrypto-tunft.com\/en\/michael-saylor-de-microstrategy-predice-que-el-bitcoin-podria-alcanzar-los-13-millones-de-dolares-en-2045-cnbc-crypto-world\/\" >\n\t\t\t\tMicroStrategy\u2019s Michael Saylor predicts bitcoin could hit $13 million by 2045: CNBC Crypto World\t\t\t<\/a>\n\t\t<\/h3>\n\t\t\t\t<div class=\"elementor-post__excerpt\">\n\t\t\t<p>CNBC Crypto World ofrece las \u00faltimas noticias y actualizaciones diarias de los mercados de divisas digitales y proporciona a los<\/p>\n\t\t<\/div>\n\t\t\t\t<\/div>\n\t\t\t\t\t<\/div>\n\t\t<\/article>\n\t\t\t\t<article class=\"elementor-post elementor-grid-item post-1652 post type-post status-publish format-standard has-post-thumbnail hentry category-tokens category-exchanges category-news tag-bitcoin tag-card-payments tag-cripto tag-criptomonedas tag-crypto tag-cryptocurrency tag-mastercard tag-money tag-visa\">\n\t\t\t<div class=\"elementor-post__card\">\n\t\t\t\t<a class=\"elementor-post__thumbnail__link\" href=\"https:\/\/tucrypto-tunft.com\/en\/mastercard-lanza-una-tarjeta-criptografica-en-europa-que-permite-a-los-usuarios-pagar-en-bitcoin-y-otras-criptodivisas-a-mas-de-100-millones-de-comercios\/\" tabindex=\"-1\" ><div class=\"elementor-post__thumbnail\"><img decoding=\"async\" width=\"299\" height=\"168\" src=\"https:\/\/tucrypto-tunft.com\/wp-content\/uploads\/2024\/09\/download-1.jpeg\" class=\"attachment-medium size-medium wp-image-1653\" alt=\"\" srcset=\"https:\/\/tucrypto-tunft.com\/wp-content\/uploads\/2024\/09\/download-1.jpeg 299w, https:\/\/tucrypto-tunft.com\/wp-content\/uploads\/2024\/09\/download-1-18x10.jpeg 18w\" sizes=\"(max-width: 299px) 85vw, 299px\" \/><\/div><\/a>\n\t\t\t\t<div class=\"elementor-post__badge\">Criptomonedas - Tokens<\/div>\n\t\t\t\t<div class=\"elementor-post__text\">\n\t\t\t\t<h3 class=\"elementor-post__title\">\n\t\t\t<a href=\"https:\/\/tucrypto-tunft.com\/en\/mastercard-lanza-una-tarjeta-criptografica-en-europa-que-permite-a-los-usuarios-pagar-en-bitcoin-y-otras-criptodivisas-a-mas-de-100-millones-de-comercios\/\" >\n\t\t\t\tMastercard Launches Crypto Card in Europe, Allows Users To Pay in Bitcoin and Other Cryptocurrencies to to Over 100 Million Merchants\t\t\t<\/a>\n\t\t<\/h3>\n\t\t\t\t<div class=\"elementor-post__excerpt\">\n\t\t\t<p>Mastercard ha lanzado una nueva tarjeta criptogr\u00e1fica en Europa, que permite a los clientes realizar pagos directamente desde sus carteras<\/p>\n\t\t<\/div>\n\t\t\t\t<\/div>\n\t\t\t\t\t<\/div>\n\t\t<\/article>\n\t\t\t\t<article class=\"elementor-post elementor-grid-item post-1645 post type-post status-publish format-standard has-post-thumbnail hentry category-bitcoin category-etf category-inversion category-news tag-bitcoin tag-btc tag-criptomonedas tag-crypto tag-eth tag-finanzas tag-inversiones tag-libertadfinanciera tag-millionarios tag-noticias-crypto tag-tucrypto\">\n\t\t\t<div class=\"elementor-post__card\">\n\t\t\t\t<a class=\"elementor-post__thumbnail__link\" href=\"https:\/\/tucrypto-tunft.com\/en\/aumento-111-el-numero-de-millonarios-con-bitcoin-en-2024\/\" tabindex=\"-1\" ><div class=\"elementor-post__thumbnail\"><img loading=\"lazy\" decoding=\"async\" width=\"300\" height=\"168\" src=\"https:\/\/tucrypto-tunft.com\/wp-content\/uploads\/2024\/09\/btc.jpeg\" class=\"attachment-medium size-medium wp-image-1648\" alt=\"\" srcset=\"https:\/\/tucrypto-tunft.com\/wp-content\/uploads\/2024\/09\/btc.jpeg 300w, https:\/\/tucrypto-tunft.com\/wp-content\/uploads\/2024\/09\/btc-18x10.jpeg 18w\" sizes=\"(max-width: 300px) 85vw, 300px\" \/><\/div><\/a>\n\t\t\t\t<div class=\"elementor-post__badge\">Bitcoin<\/div>\n\t\t\t\t<div class=\"elementor-post__text\">\n\t\t\t\t<h3 class=\"elementor-post__title\">\n\t\t\t<a href=\"https:\/\/tucrypto-tunft.com\/en\/aumento-111-el-numero-de-millonarios-con-bitcoin-en-2024\/\" >\n\t\t\t\t111% increase in the number of Bitcoin millionaires by 2024\t\t\t<\/a>\n\t\t<\/h3>\n\t\t\t\t<div class=\"elementor-post__excerpt\">\n\t\t\t<p>La cifra fue revelada por un informe de Henley &amp; Partners. \u00bfCu\u00e1l fue la criptomoneda elegida por la mayor\u00eda de<\/p>\n\t\t<\/div>\n\t\t\t\t<\/div>\n\t\t\t\t\t<\/div>\n\t\t<\/article>\n\t\t\t\t<article class=\"elementor-post elementor-grid-item post-1641 post type-post status-publish format-standard has-post-thumbnail hentry category-bitcoin category-etf category-inversion category-news tag-banca tag-bancos tag-bitcoin tag-btc tag-etf tag-grayscale tag-inversion tag-libertadfinanciera tag-sec tag-wellsfargo\">\n\t\t\t<div class=\"elementor-post__card\">\n\t\t\t\t<a class=\"elementor-post__thumbnail__link\" href=\"https:\/\/tucrypto-tunft.com\/en\/wells-fargo-se-suma-a-la-inversion-en-bitcoin-con-etfs-al-contado\/\" tabindex=\"-1\" ><div class=\"elementor-post__thumbnail\"><img loading=\"lazy\" decoding=\"async\" width=\"300\" height=\"150\" src=\"https:\/\/tucrypto-tunft.com\/wp-content\/uploads\/2024\/09\/bitcoin-wellsfargo-bankofamerica-1140x570-1-300x150.jpg\" class=\"attachment-medium size-medium wp-image-1644\" alt=\"\" srcset=\"https:\/\/tucrypto-tunft.com\/wp-content\/uploads\/2024\/09\/bitcoin-wellsfargo-bankofamerica-1140x570-1-300x150.jpg 300w, https:\/\/tucrypto-tunft.com\/wp-content\/uploads\/2024\/09\/bitcoin-wellsfargo-bankofamerica-1140x570-1-1024x512.jpg 1024w, https:\/\/tucrypto-tunft.com\/wp-content\/uploads\/2024\/09\/bitcoin-wellsfargo-bankofamerica-1140x570-1-768x384.jpg 768w, https:\/\/tucrypto-tunft.com\/wp-content\/uploads\/2024\/09\/bitcoin-wellsfargo-bankofamerica-1140x570-1-18x9.jpg 18w, https:\/\/tucrypto-tunft.com\/wp-content\/uploads\/2024\/09\/bitcoin-wellsfargo-bankofamerica-1140x570-1.jpg 1140w\" sizes=\"(max-width: 300px) 85vw, 300px\" \/><\/div><\/a>\n\t\t\t\t<div class=\"elementor-post__badge\">Bitcoin<\/div>\n\t\t\t\t<div class=\"elementor-post__text\">\n\t\t\t\t<h3 class=\"elementor-post__title\">\n\t\t\t<a href=\"https:\/\/tucrypto-tunft.com\/en\/wells-fargo-se-suma-a-la-inversion-en-bitcoin-con-etfs-al-contado\/\" >\n\t\t\t\tWells Fargo joins Bitcoin investment with spot ETFs\t\t\t<\/a>\n\t\t<\/h3>\n\t\t\t\t<div class=\"elementor-post__excerpt\">\n\t\t\t<p>En una movida audaz que marca un punto de inflexi\u00f3n en el \u00e1mbito financiero estadounidense, Wells Fargo, el tercer banco<\/p>\n\t\t<\/div>\n\t\t\t\t<\/div>\n\t\t\t\t\t<\/div>\n\t\t<\/article>\n\t\t\t\t<article class=\"elementor-post elementor-grid-item post-1626 post type-post status-publish format-standard has-post-thumbnail hentry category-bitcoin category-blackrock category-etf category-inversion category-news tag-bitcoin tag-blackrock tag-etf tag-inversion tag-investment tag-larry-fink tag-oro\">\n\t\t\t<div class=\"elementor-post__card\">\n\t\t\t\t<a class=\"elementor-post__thumbnail__link\" href=\"https:\/\/tucrypto-tunft.com\/en\/larry-fink-consejero-delegado-de-blackrock-explica-por-que-todo-el-mundo-deberia-tener-en-cuenta-el-bitcoin-en-sus-carteras\/\" tabindex=\"-1\" ><div class=\"elementor-post__thumbnail\"><img loading=\"lazy\" decoding=\"async\" width=\"300\" height=\"169\" src=\"https:\/\/tucrypto-tunft.com\/wp-content\/uploads\/2024\/08\/larry-fink-bitcoin-story-300x169.jpg\" class=\"attachment-medium size-medium wp-image-1627\" alt=\"\" srcset=\"https:\/\/tucrypto-tunft.com\/wp-content\/uploads\/2024\/08\/larry-fink-bitcoin-story-300x169.jpg 300w, https:\/\/tucrypto-tunft.com\/wp-content\/uploads\/2024\/08\/larry-fink-bitcoin-story-1024x576.jpg 1024w, https:\/\/tucrypto-tunft.com\/wp-content\/uploads\/2024\/08\/larry-fink-bitcoin-story-768x432.jpg 768w, https:\/\/tucrypto-tunft.com\/wp-content\/uploads\/2024\/08\/larry-fink-bitcoin-story-18x10.jpg 18w, https:\/\/tucrypto-tunft.com\/wp-content\/uploads\/2024\/08\/larry-fink-bitcoin-story-1200x675.jpg 1200w, https:\/\/tucrypto-tunft.com\/wp-content\/uploads\/2024\/08\/larry-fink-bitcoin-story.jpg 1280w\" sizes=\"(max-width: 300px) 85vw, 300px\" \/><\/div><\/a>\n\t\t\t\t<div class=\"elementor-post__badge\">Bitcoin<\/div>\n\t\t\t\t<div class=\"elementor-post__text\">\n\t\t\t\t<h3 class=\"elementor-post__title\">\n\t\t\t<a href=\"https:\/\/tucrypto-tunft.com\/en\/larry-fink-consejero-delegado-de-blackrock-explica-por-que-todo-el-mundo-deberia-tener-en-cuenta-el-bitcoin-en-sus-carteras\/\" >\n\t\t\t\tBlackrock CEO Larry Fink Explains Why Everyone Should Consider Bitcoin in Portfolios\t\t\t<\/a>\n\t\t<\/h3>\n\t\t\t\t<div class=\"elementor-post__excerpt\">\n\t\t\t<p>Larry Fink, consejero delegado de Blackrock, la mayor gestora de activos del mundo, con 10,5 billones de d\u00f3lares en activos<\/p>\n\t\t<\/div>\n\t\t\t\t<\/div>\n\t\t\t\t\t<\/div>\n\t\t<\/article>\n\t\t\t\t<\/div>\n\t\t\n\t\t\t\t<div class=\"e-load-more-anchor\" data-page=\"1\" data-max-page=\"7\" data-next-page=\"https:\/\/tucrypto-tunft.com\/en\/wp-json\/wp\/v2\/pages\/436\/page\/2\/\"><\/div>\n\t\t\t\t<nav class=\"elementor-pagination\" aria-label=\"Pagination\">\n\t\t\t<span aria-current=\"page\" class=\"page-numbers current\"><span class=\"elementor-screen-only\">Page<\/span>1<\/span>\n<a class=\"page-numbers\" href=\"https:\/\/tucrypto-tunft.com\/en\/wp-json\/wp\/v2\/pages\/436\/page\/2\/\"><span class=\"elementor-screen-only\">Page<\/span>2<\/a>\n<a class=\"page-numbers\" href=\"https:\/\/tucrypto-tunft.com\/en\/wp-json\/wp\/v2\/pages\/436\/page\/3\/\"><span class=\"elementor-screen-only\">Page<\/span>3<\/a>\n<a class=\"page-numbers\" href=\"https:\/\/tucrypto-tunft.com\/en\/wp-json\/wp\/v2\/pages\/436\/page\/4\/\"><span class=\"elementor-screen-only\">Page<\/span>4<\/a>\n<a class=\"page-numbers\" href=\"https:\/\/tucrypto-tunft.com\/en\/wp-json\/wp\/v2\/pages\/436\/page\/5\/\"><span class=\"elementor-screen-only\">Page<\/span>5<\/a>\t\t<\/nav>\n\t\t\t\t<\/div>\n\t\t\t\t<\/div>\n\t\t\t\t\t<\/div>\n\t\t\t\t<\/div>\n\t\t\t\t<\/div>","protected":false},"excerpt":{"rendered":"<p>News<\/p>","protected":false},"author":4,"featured_media":0,"parent":0,"menu_order":0,"comment_status":"closed","ping_status":"closed","template":"elementor_header_footer","meta":{"footnotes":""},"class_list":["post-436","page","type-page","status-publish","hentry"],"_links":{"self":[{"href":"https:\/\/tucrypto-tunft.com\/en\/wp-json\/wp\/v2\/pages\/436","targetHints":{"allow":["GET"]}}],"collection":[{"href":"https:\/\/tucrypto-tunft.com\/en\/wp-json\/wp\/v2\/pages"}],"about":[{"href":"https:\/\/tucrypto-tunft.com\/en\/wp-json\/wp\/v2\/types\/page"}],"author":[{"embeddable":true,"href":"https:\/\/tucrypto-tunft.com\/en\/wp-json\/wp\/v2\/users\/4"}],"replies":[{"embeddable":true,"href":"https:\/\/tucrypto-tunft.com\/en\/wp-json\/wp\/v2\/comments?post=436"}],"version-history":[{"count":0,"href":"https:\/\/tucrypto-tunft.com\/en\/wp-json\/wp\/v2\/pages\/436\/revisions"}],"wp:attachment":[{"href":"https:\/\/tucrypto-tunft.com\/en\/wp-json\/wp\/v2\/media?parent=436"}],"curies":[{"name":"wp","href":"https:\/\/api.w.org\/{rel}","templated":true}]}}