{"id":26,"date":"2022-03-07T09:40:05","date_gmt":"2022-03-07T09:40:05","guid":{"rendered":"https:\/\/tucrypto.co\/?page_id=26"},"modified":"2025-02-18T13:08:34","modified_gmt":"2025-02-18T13:08:34","slug":"home","status":"publish","type":"page","link":"https:\/\/tucrypto-tunft.com\/en\/","title":{"rendered":"Home"},"content":{"rendered":"<div data-elementor-type=\"wp-page\" data-elementor-id=\"26\" class=\"elementor elementor-26\" data-elementor-post-type=\"page\">\n\t\t\t\t<div class=\"elementor-element elementor-element-d0327b8 e-flex e-con-boxed e-con e-parent\" data-id=\"d0327b8\" data-element_type=\"container\" data-settings=\"{&quot;background_background&quot;:&quot;classic&quot;}\">\n\t\t\t\t\t<div class=\"e-con-inner\">\n\t\t<div class=\"elementor-element elementor-element-86865a3 e-flex e-con-boxed e-con e-child\" data-id=\"86865a3\" data-element_type=\"container\">\n\t\t\t\t\t<div class=\"e-con-inner\">\n\t\t\t\t<div class=\"elementor-element elementor-element-d0df880 animated-slow elementor-invisible elementor-widget elementor-widget-image\" data-id=\"d0df880\" data-element_type=\"widget\" data-settings=\"{&quot;_animation&quot;:&quot;fadeIn&quot;}\" data-widget_type=\"image.default\">\n\t\t\t\t<div class=\"elementor-widget-container\">\n\t\t\t<style>\/*! elementor - v3.23.0 - 15-07-2024 *\/\n.elementor-widget-image{text-align:center}.elementor-widget-image a{display:inline-block}.elementor-widget-image a img[src$=\".svg\"]{width:48px}.elementor-widget-image img{vertical-align:middle;display:inline-block}<\/style>\t\t\t\t\t\t\t\t\t\t<img fetchpriority=\"high\" decoding=\"async\" width=\"600\" height=\"110\" src=\"https:\/\/tucrypto-tunft.com\/wp-content\/uploads\/2024\/05\/compositeTCNFT.webp\" class=\"attachment-large size-large wp-image-1213\" alt=\"\" srcset=\"https:\/\/tucrypto-tunft.com\/wp-content\/uploads\/2024\/05\/compositeTCNFT.webp 600w, https:\/\/tucrypto-tunft.com\/wp-content\/uploads\/2024\/05\/compositeTCNFT-300x55.webp 300w, https:\/\/tucrypto-tunft.com\/wp-content\/uploads\/2024\/05\/compositeTCNFT-18x3.webp 18w\" sizes=\"(max-width: 600px) 85vw, 600px\" \/>\t\t\t\t\t\t\t\t\t\t\t\t\t<\/div>\n\t\t\t\t<\/div>\n\t\t\t\t<div class=\"elementor-element elementor-element-f05a6af animated-slow elementor-widget elementor-widget-heading\" data-id=\"f05a6af\" data-element_type=\"widget\" data-settings=\"{&quot;_animation&quot;:&quot;none&quot;,&quot;_animation_delay&quot;:200}\" data-widget_type=\"heading.default\">\n\t\t\t\t<div class=\"elementor-widget-container\">\n\t\t\t<style>\/*! elementor - v3.23.0 - 15-07-2024 *\/\n.elementor-heading-title{padding:0;margin:0;line-height:1}.elementor-widget-heading .elementor-heading-title[class*=elementor-size-]>a{color:inherit;font-size:inherit;line-height:inherit}.elementor-widget-heading .elementor-heading-title.elementor-size-small{font-size:15px}.elementor-widget-heading .elementor-heading-title.elementor-size-medium{font-size:19px}.elementor-widget-heading .elementor-heading-title.elementor-size-large{font-size:29px}.elementor-widget-heading .elementor-heading-title.elementor-size-xl{font-size:39px}.elementor-widget-heading .elementor-heading-title.elementor-size-xxl{font-size:59px}<\/style><p class=\"elementor-heading-title elementor-size-default\">Subscribe To Our Newsletter<\/p>\t\t<\/div>\n\t\t\t\t<\/div>\n\t\t\t\t<div class=\"elementor-element elementor-element-42c7911 animated-slow elementor-invisible elementor-widget elementor-widget-heading\" data-id=\"42c7911\" data-element_type=\"widget\" data-settings=\"{&quot;_animation&quot;:&quot;fadeIn&quot;,&quot;_animation_delay&quot;:200}\" data-widget_type=\"heading.default\">\n\t\t\t\t<div class=\"elementor-widget-container\">\n\t\t\t<p class=\"elementor-heading-title elementor-size-default\">The future is now <\/p>\t\t<\/div>\n\t\t\t\t<\/div>\n\t\t\t\t<div class=\"elementor-element elementor-element-c40a2fc animated-slow elementor-invisible elementor-widget elementor-widget-heading\" data-id=\"c40a2fc\" data-element_type=\"widget\" data-settings=\"{&quot;_animation&quot;:&quot;fadeIn&quot;,&quot;_animation_delay&quot;:400}\" data-widget_type=\"heading.default\">\n\t\t\t\t<div class=\"elementor-widget-container\">\n\t\t\t<p class=\"elementor-heading-title elementor-size-default translation-block\">\u2705 Stay ahead with weekly market insights <\/strong><br>\n\u2705 Get exclusive updates on crypto trends<\/strong><br>\n\u2705 Maximize this bull run with expert analysis<\/strong><br><\/p><p class=\" translation-block\"><span style=\"color: var( --e-global-color-text );font-size: 1.1rem;letter-spacing: 0.2px\">\ud83d\udce9 <\/span><strong style=\"color: var( --e-global-color-text );font-size: 1.1rem;letter-spacing: 0.2px\"> Subscribe now to keep receiving future editions! <\/strong><span style=\"color: var( --e-global-color-text );font-size: 1.1rem;letter-spacing: 0.2px\"><\/span><\/p><\/p>\t\t<\/div>\n\t\t\t\t<\/div>\n\t\t\t\t<div class=\"elementor-element elementor-element-1c4345a elementor-widget elementor-widget-html\" data-id=\"1c4345a\" data-element_type=\"widget\" data-no-translation=\"\" data-widget_type=\"html.default\">\n\t\t\t\t<div class=\"elementor-widget-container\">\n\t\t\t<iframe\r\n  src=\"https:\/\/api.leadconnectorhq.com\/widget\/form\/eCIlwa7AmIs2THtP0pFC\"\r\n  style=\"width:100%;height:100%;border:none;border-radius:3px\"\r\n  id=\"inline-eCIlwa7AmIs2THtP0pFC\" \r\n  data-layout=\"{'id':'INLINE'}\"\r\n  data-trigger-type=\"alwaysShow\"\r\n  data-trigger-value=\"\"\r\n  data-activation-type=\"alwaysActivated\"\r\n  data-activation-value=\"\"\r\n  data-deactivation-type=\"neverDeactivate\"\r\n  data-deactivation-value=\"\"\r\n  data-form-name=\"Crypto Newsletter\"\r\n  data-height=\"644\"\r\n  data-layout-iframe-id=\"inline-eCIlwa7AmIs2THtP0pFC\"\r\n  data-form-id=\"eCIlwa7AmIs2THtP0pFC\"\r\n  title=\"Crypto Newsletter\"\r\n      >\r\n<\/iframe>\r\n<script src=\"https:\/\/link.msgsndr.com\/js\/form_embed.js\"><\/script>\t\t<\/div>\n\t\t\t\t<\/div>\n\t\t\t\t<div class=\"elementor-element elementor-element-3f9de78 elementor-widget elementor-widget-html\" data-id=\"3f9de78\" data-element_type=\"widget\" data-no-translation=\"\" data-widget_type=\"html.default\">\n\t\t\t\t<div class=\"elementor-widget-container\">\n\t\t\t<style>.elementor-element-3f9de78{display:none !important}<\/style>\t\t<\/div>\n\t\t\t\t<\/div>\n\t\t\t\t\t<\/div>\n\t\t\t\t<\/div>\n\t\t\t\t\t<\/div>\n\t\t\t\t<\/div>\n\t\t<div class=\"elementor-element elementor-element-2e89051 e-flex e-con-boxed e-con e-parent\" data-id=\"2e89051\" data-element_type=\"container\" data-settings=\"{&quot;background_background&quot;:&quot;classic&quot;}\">\n\t\t\t\t\t<div class=\"e-con-inner\">\n\t\t<div class=\"elementor-element elementor-element-bd02b44 e-con-full e-flex e-con e-child\" data-id=\"bd02b44\" data-element_type=\"container\">\n\t\t\t\t<div class=\"elementor-element elementor-element-5aeadef elementor-widget elementor-widget-heading\" data-id=\"5aeadef\" data-element_type=\"widget\" data-widget_type=\"heading.default\">\n\t\t\t\t<div class=\"elementor-widget-container\">\n\t\t\t<p class=\"elementor-heading-title elementor-size-default\">Any other questions?<\/p>\t\t<\/div>\n\t\t\t\t<\/div>\n\t\t\t\t<\/div>\n\t\t<div class=\"elementor-element elementor-element-49b36e5 e-con-full e-flex e-con e-child\" data-id=\"49b36e5\" data-element_type=\"container\">\n\t\t\t\t<div class=\"elementor-element elementor-element-66a39a5 elementor-align-right elementor-mobile-align-center elementor-widget elementor-widget-button\" data-id=\"66a39a5\" data-element_type=\"widget\" data-widget_type=\"button.default\">\n\t\t\t\t<div class=\"elementor-widget-container\">\n\t\t\t\t\t<div class=\"elementor-button-wrapper\">\n\t\t\t<a class=\"elementor-button elementor-button-link elementor-size-md\" href=\"https:\/\/tucrypto-tunft.com\/en\/contacto\/\">\n\t\t\t\t\t\t<span class=\"elementor-button-content-wrapper\">\n\t\t\t\t\t\t\t\t\t<span class=\"elementor-button-text\">Contact us<\/span>\n\t\t\t\t\t<\/span>\n\t\t\t\t\t<\/a>\n\t\t<\/div>\n\t\t\t\t<\/div>\n\t\t\t\t<\/div>\n\t\t\t\t<\/div>\n\t\t\t\t\t<\/div>\n\t\t\t\t<\/div>\n\t\t\t\t<\/div>","protected":false},"excerpt":{"rendered":"<p>Pr\u00f3ximos eventos: El futuro es ahora No solo te ayudamos a entender y a invertir en el mundo de las criptomonedas; tambi\u00e9n te apoyamos en digitalizar tu contenido y capitalizar en la era digital. Podemos ayudarte Ofrecemos una comprensi\u00f3n f\u00e1cil de los fundamentos b\u00e1sicos para invertir, asesor\u00e1ndote sobre qu\u00e9 tipos de proyectos son los m\u00e1s &hellip; <a href=\"https:\/\/tucrypto-tunft.com\/en\/\" class=\"more-link\">Continue reading<span class=\"screen-reader-text\"> \u00abHome\u00bb<\/span><\/a><\/p>","protected":false},"author":4,"featured_media":0,"parent":0,"menu_order":0,"comment_status":"closed","ping_status":"closed","template":"elementor_header_footer","meta":{"footnotes":""},"class_list":["post-26","page","type-page","status-publish","hentry"],"_links":{"self":[{"href":"https:\/\/tucrypto-tunft.com\/en\/wp-json\/wp\/v2\/pages\/26","targetHints":{"allow":["GET"]}}],"collection":[{"href":"https:\/\/tucrypto-tunft.com\/en\/wp-json\/wp\/v2\/pages"}],"about":[{"href":"https:\/\/tucrypto-tunft.com\/en\/wp-json\/wp\/v2\/types\/page"}],"author":[{"embeddable":true,"href":"https:\/\/tucrypto-tunft.com\/en\/wp-json\/wp\/v2\/users\/4"}],"replies":[{"embeddable":true,"href":"https:\/\/tucrypto-tunft.com\/en\/wp-json\/wp\/v2\/comments?post=26"}],"version-history":[{"count":44,"href":"https:\/\/tucrypto-tunft.com\/en\/wp-json\/wp\/v2\/pages\/26\/revisions"}],"predecessor-version":[{"id":1711,"href":"https:\/\/tucrypto-tunft.com\/en\/wp-json\/wp\/v2\/pages\/26\/revisions\/1711"}],"wp:attachment":[{"href":"https:\/\/tucrypto-tunft.com\/en\/wp-json\/wp\/v2\/media?parent=26"}],"curies":[{"name":"wp","href":"https:\/\/api.w.org\/{rel}","templated":true}]}}