{"id":1140,"date":"2024-05-08T16:51:25","date_gmt":"2024-05-08T16:51:25","guid":{"rendered":"https:\/\/tucrypto-tunft.com\/?page_id=1140"},"modified":"2024-07-15T17:47:55","modified_gmt":"2024-07-15T17:47:55","slug":"tu-nft","status":"publish","type":"page","link":"https:\/\/tucrypto-tunft.com\/en\/tu-nft\/","title":{"rendered":"NFTs"},"content":{"rendered":"<div data-elementor-type=\"wp-page\" data-elementor-id=\"1140\" class=\"elementor elementor-1140\" data-elementor-post-type=\"page\">\n\t\t\t\t<div class=\"elementor-element elementor-element-d0327b8 e-flex e-con-boxed e-con e-parent\" data-id=\"d0327b8\" data-element_type=\"container\" data-settings=\"{&quot;background_background&quot;:&quot;classic&quot;}\">\n\t\t\t\t\t<div class=\"e-con-inner\">\n\t\t<div class=\"elementor-element elementor-element-86865a3 e-flex e-con-boxed e-con e-child\" data-id=\"86865a3\" data-element_type=\"container\">\n\t\t\t\t\t<div class=\"e-con-inner\">\n\t\t\t\t<div class=\"elementor-element elementor-element-d0df880 animated-slow elementor-invisible elementor-widget elementor-widget-image\" data-id=\"d0df880\" data-element_type=\"widget\" data-settings=\"{&quot;_animation&quot;:&quot;fadeIn&quot;}\" data-widget_type=\"image.default\">\n\t\t\t\t<div class=\"elementor-widget-container\">\n\t\t\t<style>\/*! elementor - v3.23.0 - 15-07-2024 *\/\n.elementor-widget-image{text-align:center}.elementor-widget-image a{display:inline-block}.elementor-widget-image a img[src$=\".svg\"]{width:48px}.elementor-widget-image img{vertical-align:middle;display:inline-block}<\/style>\t\t\t\t\t\t\t\t\t\t<img fetchpriority=\"high\" decoding=\"async\" width=\"600\" height=\"293\" src=\"https:\/\/tucrypto-tunft.com\/wp-content\/uploads\/2024\/05\/nftTCNFT.webp\" class=\"attachment-medium_large size-medium_large wp-image-1142\" alt=\"\" srcset=\"https:\/\/tucrypto-tunft.com\/wp-content\/uploads\/2024\/05\/nftTCNFT.webp 600w, https:\/\/tucrypto-tunft.com\/wp-content\/uploads\/2024\/05\/nftTCNFT-300x147.webp 300w\" sizes=\"(max-width: 600px) 85vw, 600px\" \/>\t\t\t\t\t\t\t\t\t\t\t\t\t<\/div>\n\t\t\t\t<\/div>\n\t\t\t\t<div class=\"elementor-element elementor-element-eab586d animated-slow elementor-invisible elementor-widget elementor-widget-heading\" data-id=\"eab586d\" data-element_type=\"widget\" data-settings=\"{&quot;_animation&quot;:&quot;fadeIn&quot;,&quot;_animation_delay&quot;:200}\" data-widget_type=\"heading.default\">\n\t\t\t\t<div class=\"elementor-widget-container\">\n\t\t\t<style>\/*! elementor - v3.23.0 - 15-07-2024 *\/\n.elementor-heading-title{padding:0;margin:0;line-height:1}.elementor-widget-heading .elementor-heading-title[class*=elementor-size-]>a{color:inherit;font-size:inherit;line-height:inherit}.elementor-widget-heading .elementor-heading-title.elementor-size-small{font-size:15px}.elementor-widget-heading .elementor-heading-title.elementor-size-medium{font-size:19px}.elementor-widget-heading .elementor-heading-title.elementor-size-large{font-size:29px}.elementor-widget-heading .elementor-heading-title.elementor-size-xl{font-size:39px}.elementor-widget-heading .elementor-heading-title.elementor-size-xxl{font-size:59px}<\/style><p class=\"elementor-heading-title elementor-size-default\">Your Trusted Partner in the World of Non-Fungible Tokens (NFTs)<\/p>\t\t<\/div>\n\t\t\t\t<\/div>\n\t\t\t\t<div class=\"elementor-element elementor-element-c40a2fc animated-slow elementor-invisible elementor-widget elementor-widget-heading\" data-id=\"c40a2fc\" data-element_type=\"widget\" data-settings=\"{&quot;_animation&quot;:&quot;fadeIn&quot;,&quot;_animation_delay&quot;:400}\" data-widget_type=\"heading.default\">\n\t\t\t\t<div class=\"elementor-widget-container\">\n\t\t\t<p class=\"elementor-heading-title elementor-size-default\">We offer comprehensive services for creating, selling, and brokering NFTs, tailored to the needs of digital artists, collectors, and businesses seeking to enter the NFT market.<\/p>\t\t<\/div>\n\t\t\t\t<\/div>\n\t\t\t\t\t<\/div>\n\t\t\t\t<\/div>\n\t\t<div class=\"elementor-element elementor-element-a11f428 e-con-full e-flex e-con e-child\" data-id=\"a11f428\" data-element_type=\"container\">\n\t\t<div class=\"elementor-element elementor-element-6c07e6b e-con-full e-flex e-con e-child\" data-id=\"6c07e6b\" data-element_type=\"container\">\n\t\t\t\t<div class=\"elementor-element elementor-element-e8c8664 elementor-widget elementor-widget-image\" data-id=\"e8c8664\" data-element_type=\"widget\" data-widget_type=\"image.default\">\n\t\t\t\t<div class=\"elementor-widget-container\">\n\t\t\t\t\t\t\t\t\t\t\t\t\t<img decoding=\"async\" src=\"https:\/\/artbrokernfts.com\/wp-content\/uploads\/2022\/03\/TCTNFT_ab_w.webp\" title=\"\" alt=\"\" loading=\"lazy\" \/>\t\t\t\t\t\t\t\t\t\t\t\t\t<\/div>\n\t\t\t\t<\/div>\n\t\t\t\t<div class=\"elementor-element elementor-element-4a5f039 elementor-widget elementor-widget-heading\" data-id=\"4a5f039\" data-element_type=\"widget\" data-widget_type=\"heading.default\">\n\t\t\t\t<div class=\"elementor-widget-container\">\n\t\t\t<p class=\"elementor-heading-title elementor-size-default\">See a gallery of our NFTs and represented artists<\/p>\t\t<\/div>\n\t\t\t\t<\/div>\n\t\t\t\t<div class=\"elementor-element elementor-element-c3d3d2c elementor-align-left elementor-mobile-align-center elementor-widget elementor-widget-button\" data-id=\"c3d3d2c\" data-element_type=\"widget\" data-widget_type=\"button.default\">\n\t\t\t\t<div class=\"elementor-widget-container\">\n\t\t\t\t\t<div class=\"elementor-button-wrapper\">\n\t\t\t<a class=\"elementor-button elementor-button-link elementor-size-md\" href=\"https:\/\/artbrokernfts.com\/\">\n\t\t\t\t\t\t<span class=\"elementor-button-content-wrapper\">\n\t\t\t\t\t\t<span class=\"elementor-button-icon\">\n\t\t\t\t<i aria-hidden=\"true\" class=\"fas fa-external-link-alt\"><\/i>\t\t\t<\/span>\n\t\t\t\t\t\t\t\t\t<span class=\"elementor-button-text\">See gallery<\/span>\n\t\t\t\t\t<\/span>\n\t\t\t\t\t<\/a>\n\t\t<\/div>\n\t\t\t\t<\/div>\n\t\t\t\t<\/div>\n\t\t\t\t<\/div>\n\t\t\t\t<\/div>\n\t\t\t\t\t<\/div>\n\t\t\t\t<\/div>\n\t\t<div class=\"elementor-element elementor-element-1411c45 e-flex e-con-boxed e-con e-parent\" data-id=\"1411c45\" data-element_type=\"container\" data-settings=\"{&quot;background_background&quot;:&quot;gradient&quot;}\">\n\t\t\t\t\t<div class=\"e-con-inner\">\n\t\t\t\t<div class=\"elementor-element elementor-element-cef1f04 elementor-widget elementor-widget-heading\" data-id=\"cef1f04\" data-element_type=\"widget\" data-widget_type=\"heading.default\">\n\t\t\t\t<div class=\"elementor-widget-container\">\n\t\t\t<h4 class=\"elementor-heading-title elementor-size-default\">Our Services<\/h4>\t\t<\/div>\n\t\t\t\t<\/div>\n\t\t<div class=\"elementor-element elementor-element-a155080 e-flex e-con-boxed e-con e-child\" data-id=\"a155080\" data-element_type=\"container\">\n\t\t\t\t\t<div class=\"e-con-inner\">\n\t\t<div class=\"elementor-element elementor-element-1e4c473 e-flex e-con-boxed e-con e-child\" data-id=\"1e4c473\" data-element_type=\"container\" data-settings=\"{&quot;background_background&quot;:&quot;gradient&quot;}\">\n\t\t\t\t\t<div class=\"e-con-inner\">\n\t\t\t\t<div class=\"elementor-element elementor-element-5cca6b5 elementor-widget elementor-widget-heading\" data-id=\"5cca6b5\" data-element_type=\"widget\" data-widget_type=\"heading.default\">\n\t\t\t\t<div class=\"elementor-widget-container\">\n\t\t\t<p class=\"elementor-heading-title elementor-size-default\">NFT Creation<\/p>\t\t<\/div>\n\t\t\t\t<\/div>\n\t\t\t\t<div class=\"elementor-element elementor-element-b8b3eb7 elementor-widget elementor-widget-heading\" data-id=\"b8b3eb7\" data-element_type=\"widget\" data-widget_type=\"heading.default\">\n\t\t\t\t<div class=\"elementor-widget-container\">\n\t\t\t<p class=\"elementor-heading-title elementor-size-default\">We transform your digital artworks, music, videos, and other digital assets into unique NFTs. Our technical team handles the entire technical process, including:<\/p>\t\t<\/div>\n\t\t\t\t<\/div>\n\t\t\t\t<div class=\"elementor-element elementor-element-82c1d7c elementor-widget elementor-widget-heading\" data-id=\"82c1d7c\" data-element_type=\"widget\" data-widget_type=\"heading.default\">\n\t\t\t\t<div class=\"elementor-widget-container\">\n\t\t\t<p class=\"elementor-heading-title elementor-size-default\">- Developing and deploying smart contracts<br>- Providing guidance on selecting the right blockchain<br>- Optimizing metadata to enhance visibility and traceability<\/p>\t\t<\/div>\n\t\t\t\t<\/div>\n\t\t\t\t\t<\/div>\n\t\t\t\t<\/div>\n\t\t<div class=\"elementor-element elementor-element-681e39c e-flex e-con-boxed e-con e-child\" data-id=\"681e39c\" data-element_type=\"container\" data-settings=\"{&quot;background_background&quot;:&quot;gradient&quot;}\">\n\t\t\t\t\t<div class=\"e-con-inner\">\n\t\t\t\t<div class=\"elementor-element elementor-element-a731ee0 elementor-widget elementor-widget-heading\" data-id=\"a731ee0\" data-element_type=\"widget\" data-widget_type=\"heading.default\">\n\t\t\t\t<div class=\"elementor-widget-container\">\n\t\t\t<p class=\"elementor-heading-title elementor-size-default\">NFT Sales<\/p>\t\t<\/div>\n\t\t\t\t<\/div>\n\t\t\t\t<div class=\"elementor-element elementor-element-b03557f elementor-widget elementor-widget-heading\" data-id=\"b03557f\" data-element_type=\"widget\" data-widget_type=\"heading.default\">\n\t\t\t\t<div class=\"elementor-widget-container\">\n\t\t\t<p class=\"elementor-heading-title elementor-size-default\">We help you sell your NFTs through our client network, on the most popular markets and exclusive platforms, ensuring the best visibility and reach for your assets. Our services include:<\/p>\t\t<\/div>\n\t\t\t\t<\/div>\n\t\t\t\t<div class=\"elementor-element elementor-element-ed9ac47 elementor-widget elementor-widget-heading\" data-id=\"ed9ac47\" data-element_type=\"widget\" data-widget_type=\"heading.default\">\n\t\t\t\t<div class=\"elementor-widget-container\">\n\t\t\t<p class=\"elementor-heading-title elementor-size-default\">- Personalized digital marketing strategies<br>- Creation of landing pages and launch campaigns<br>- Management of auctions and direct sales\n<\/p>\t\t<\/div>\n\t\t\t\t<\/div>\n\t\t\t\t\t<\/div>\n\t\t\t\t<\/div>\n\t\t<div class=\"elementor-element elementor-element-17f57ce e-flex e-con-boxed e-con e-child\" data-id=\"17f57ce\" data-element_type=\"container\" data-settings=\"{&quot;background_background&quot;:&quot;gradient&quot;}\">\n\t\t\t\t\t<div class=\"e-con-inner\">\n\t\t\t\t<div class=\"elementor-element elementor-element-242574e elementor-widget elementor-widget-heading\" data-id=\"242574e\" data-element_type=\"widget\" data-widget_type=\"heading.default\">\n\t\t\t\t<div class=\"elementor-widget-container\">\n\t\t\t<p class=\"elementor-heading-title elementor-size-default\">NFT Brokerage<\/p>\t\t<\/div>\n\t\t\t\t<\/div>\n\t\t\t\t<div class=\"elementor-element elementor-element-6a74c2c elementor-widget elementor-widget-heading\" data-id=\"6a74c2c\" data-element_type=\"widget\" data-widget_type=\"heading.default\">\n\t\t\t\t<div class=\"elementor-widget-container\">\n\t\t\t<p class=\"elementor-heading-title elementor-size-default\">We serve as middlemen in NFT buying and selling, offering:<\/p>\t\t<\/div>\n\t\t\t\t<\/div>\n\t\t\t\t<div class=\"elementor-element elementor-element-9781100 elementor-widget elementor-widget-heading\" data-id=\"9781100\" data-element_type=\"widget\" data-widget_type=\"heading.default\">\n\t\t\t\t<div class=\"elementor-widget-container\">\n\t\t\t<p class=\"elementor-heading-title elementor-size-default\">Evaluation and validation of the authenticity and value of the NFTs<br>Negotiation of prices and sales terms<br>Legal advice and regulatory compliance\n<\/p>\t\t<\/div>\n\t\t\t\t<\/div>\n\t\t\t\t\t<\/div>\n\t\t\t\t<\/div>\n\t\t\t\t\t<\/div>\n\t\t\t\t<\/div>\n\t\t\t\t<div class=\"elementor-element elementor-element-eafcd38 elementor-widget elementor-widget-heading\" data-id=\"eafcd38\" data-element_type=\"widget\" data-widget_type=\"heading.default\">\n\t\t\t\t<div class=\"elementor-widget-container\">\n\t\t\t<p class=\"elementor-heading-title elementor-size-default\">Why choose us<\/p>\t\t<\/div>\n\t\t\t\t<\/div>\n\t\t<div class=\"elementor-element elementor-element-cae087e e-flex e-con-boxed e-con e-child\" data-id=\"cae087e\" data-element_type=\"container\">\n\t\t\t\t\t<div class=\"e-con-inner\">\n\t\t<div class=\"elementor-element elementor-element-9ddff8b e-con-full e-flex e-con e-child\" data-id=\"9ddff8b\" data-element_type=\"container\">\n\t\t\t\t<div class=\"elementor-element elementor-element-c0e20ad elementor-widget elementor-widget-heading\" data-id=\"c0e20ad\" data-element_type=\"widget\" data-widget_type=\"heading.default\">\n\t\t\t\t<div class=\"elementor-widget-container\">\n\t\t\t<h4 class=\"elementor-heading-title elementor-size-default\">Experience and Expertise<\/h4>\t\t<\/div>\n\t\t\t\t<\/div>\n\t\t\t\t<div class=\"elementor-element elementor-element-44b77a1 elementor-widget elementor-widget-heading\" data-id=\"44b77a1\" data-element_type=\"widget\" data-widget_type=\"heading.default\">\n\t\t\t\t<div class=\"elementor-widget-container\">\n\t\t\t<p class=\"elementor-heading-title elementor-size-default\">Our team of blockchain and NFT experts has years of industry experience.<\/p>\t\t<\/div>\n\t\t\t\t<\/div>\n\t\t\t\t<\/div>\n\t\t<div class=\"elementor-element elementor-element-b551c50 e-con-full e-flex e-con e-child\" data-id=\"b551c50\" data-element_type=\"container\">\n\t\t\t\t<div class=\"elementor-element elementor-element-37a2dee elementor-widget elementor-widget-heading\" data-id=\"37a2dee\" data-element_type=\"widget\" data-widget_type=\"heading.default\">\n\t\t\t\t<div class=\"elementor-widget-container\">\n\t\t\t<h4 class=\"elementor-heading-title elementor-size-default\">Personalized Approach<\/h4>\t\t<\/div>\n\t\t\t\t<\/div>\n\t\t\t\t<div class=\"elementor-element elementor-element-eaaf90d elementor-widget elementor-widget-heading\" data-id=\"eaaf90d\" data-element_type=\"widget\" data-widget_type=\"heading.default\">\n\t\t\t\t<div class=\"elementor-widget-container\">\n\t\t\t<p class=\"elementor-heading-title elementor-size-default\">Each client is unique. We provide customized solutions to ensure your NFTs stand out in the market.<\/p>\t\t<\/div>\n\t\t\t\t<\/div>\n\t\t\t\t<\/div>\n\t\t<div class=\"elementor-element elementor-element-c3a3953 e-con-full e-flex e-con e-child\" data-id=\"c3a3953\" data-element_type=\"container\">\n\t\t\t\t<div class=\"elementor-element elementor-element-1b344cd elementor-widget elementor-widget-heading\" data-id=\"1b344cd\" data-element_type=\"widget\" data-widget_type=\"heading.default\">\n\t\t\t\t<div class=\"elementor-widget-container\">\n\t\t\t<h4 class=\"elementor-heading-title elementor-size-default\">Full Transparency<\/h4>\t\t<\/div>\n\t\t\t\t<\/div>\n\t\t\t\t<div class=\"elementor-element elementor-element-4cf5df2 elementor-widget elementor-widget-heading\" data-id=\"4cf5df2\" data-element_type=\"widget\" data-widget_type=\"heading.default\">\n\t\t\t\t<div class=\"elementor-widget-container\">\n\t\t\t<p class=\"elementor-heading-title elementor-size-default\">We operate with complete transparency and provide detailed reports for all transactions.<\/p>\t\t<\/div>\n\t\t\t\t<\/div>\n\t\t\t\t<\/div>\n\t\t\t\t\t<\/div>\n\t\t\t\t<\/div>\n\t\t\t\t\t<\/div>\n\t\t\t\t<\/div>\n\t\t<div class=\"elementor-element elementor-element-2e89051 e-flex e-con-boxed e-con e-parent\" data-id=\"2e89051\" data-element_type=\"container\" data-settings=\"{&quot;background_background&quot;:&quot;classic&quot;}\">\n\t\t\t\t\t<div class=\"e-con-inner\">\n\t\t<div class=\"elementor-element elementor-element-bd02b44 e-con-full e-flex e-con e-child\" data-id=\"bd02b44\" data-element_type=\"container\">\n\t\t\t\t<div class=\"elementor-element elementor-element-5aeadef elementor-widget elementor-widget-heading\" data-id=\"5aeadef\" data-element_type=\"widget\" data-widget_type=\"heading.default\">\n\t\t\t\t<div class=\"elementor-widget-container\">\n\t\t\t<p class=\"elementor-heading-title elementor-size-default\">For more information or to start your NFT project with us<\/p>\t\t<\/div>\n\t\t\t\t<\/div>\n\t\t\t\t<\/div>\n\t\t<div class=\"elementor-element elementor-element-49b36e5 e-con-full e-flex e-con e-child\" data-id=\"49b36e5\" data-element_type=\"container\">\n\t\t\t\t<div class=\"elementor-element elementor-element-224d69f elementor-align-right elementor-mobile-align-center elementor-widget elementor-widget-button\" data-id=\"224d69f\" data-element_type=\"widget\" data-widget_type=\"button.default\">\n\t\t\t\t<div class=\"elementor-widget-container\">\n\t\t\t\t\t<div class=\"elementor-button-wrapper\">\n\t\t\t<a class=\"elementor-button elementor-button-link elementor-size-md\" href=\"https:\/\/tucrypto-tunft.com\/en\/contacto\/\">\n\t\t\t\t\t\t<span class=\"elementor-button-content-wrapper\">\n\t\t\t\t\t\t\t\t\t<span class=\"elementor-button-text\">Contact us<\/span>\n\t\t\t\t\t<\/span>\n\t\t\t\t\t<\/a>\n\t\t<\/div>\n\t\t\t\t<\/div>\n\t\t\t\t<\/div>\n\t\t\t\t<\/div>\n\t\t\t\t\t<\/div>\n\t\t\t\t<\/div>\n\t\t\t\t<\/div>","protected":false},"excerpt":{"rendered":"<p>Su socio de confianza en el mundo de los Tokens No Fungibles Ofrecemos servicios integrales de creaci\u00f3n, venta y corretaje de NFTs, adaptados a las necesidades de artistas digitales, coleccionistas y negocios que buscan entrar en el mercado de NFTs. Ver galer\u00eda de nuestros NFT y artistas representados Ver galer\u00eda Nuestros Servicios Creaci\u00f3n de NFTs &hellip; <a href=\"https:\/\/tucrypto-tunft.com\/en\/tu-nft\/\" class=\"more-link\">Continue reading<span class=\"screen-reader-text\"> \u00abTu NFT\u00bb<\/span><\/a><\/p>","protected":false},"author":3,"featured_media":0,"parent":0,"menu_order":0,"comment_status":"closed","ping_status":"closed","template":"elementor_header_footer","meta":{"footnotes":""},"class_list":["post-1140","page","type-page","status-publish","hentry"],"_links":{"self":[{"href":"https:\/\/tucrypto-tunft.com\/en\/wp-json\/wp\/v2\/pages\/1140","targetHints":{"allow":["GET"]}}],"collection":[{"href":"https:\/\/tucrypto-tunft.com\/en\/wp-json\/wp\/v2\/pages"}],"about":[{"href":"https:\/\/tucrypto-tunft.com\/en\/wp-json\/wp\/v2\/types\/page"}],"author":[{"embeddable":true,"href":"https:\/\/tucrypto-tunft.com\/en\/wp-json\/wp\/v2\/users\/3"}],"replies":[{"embeddable":true,"href":"https:\/\/tucrypto-tunft.com\/en\/wp-json\/wp\/v2\/comments?post=1140"}],"version-history":[{"count":9,"href":"https:\/\/tucrypto-tunft.com\/en\/wp-json\/wp\/v2\/pages\/1140\/revisions"}],"predecessor-version":[{"id":1557,"href":"https:\/\/tucrypto-tunft.com\/en\/wp-json\/wp\/v2\/pages\/1140\/revisions\/1557"}],"wp:attachment":[{"href":"https:\/\/tucrypto-tunft.com\/en\/wp-json\/wp\/v2\/media?parent=1140"}],"curies":[{"name":"wp","href":"https:\/\/api.w.org\/{rel}","templated":true}]}}